{"id":37,"date":"2025-04-22T17:43:28","date_gmt":"2025-04-22T17:43:28","guid":{"rendered":"https:\/\/grzasociados.com\/?page_id=37"},"modified":"2025-11-26T22:28:12","modified_gmt":"2025-11-26T22:28:12","slug":"grz-technology","status":"publish","type":"page","link":"https:\/\/grzasociados.com\/en\/grz-technology\/","title":{"rendered":"GRZ Technology"},"content":{"rendered":"<p>[et_pb_section fb_built=\u00bb1&#8243; _builder_version=\u00bb4.27.4&#8243; _module_preset=\u00bbdefault\u00bb custom_padding=\u00bb50px||80px||false|false\u00bb da_disable_devices=\u00bboff|off|off\u00bb locked=\u00bboff\u00bb global_colors_info=\u00bb{}\u00bb da_is_popup=\u00bboff\u00bb da_exit_intent=\u00bboff\u00bb da_has_close=\u00bbon\u00bb da_alt_close=\u00bboff\u00bb da_dark_close=\u00bboff\u00bb da_not_modal=\u00bbon\u00bb da_is_singular=\u00bboff\u00bb da_with_loader=\u00bboff\u00bb da_has_shadow=\u00bbon\u00bb][et_pb_row column_structure=\u00bb1_5,1_5,1_5,1_5,1_5&#8243; use_custom_gutter=\u00bbon\u00bb gutter_width=\u00bb1&#8243; make_equal=\u00bbon\u00bb _builder_version=\u00bb4.27.4&#8243; _module_preset=\u00bbdefault\u00bb background_color=\u00bb#f8f5f5&#8243; max_width=\u00bb1500px\u00bb custom_margin=\u00bb0px||0px||true|false\u00bb custom_padding=\u00bb0px||0px||true|false\u00bb border_radii=\u00bbon|50px|50px|50px|50px\u00bb box_shadow_style=\u00bbpreset2&#8243; locked=\u00bboff\u00bb global_colors_info=\u00bb{}\u00bb][et_pb_column type=\u00bb1_5&#8243; _builder_version=\u00bb4.27.4&#8243; _module_preset=\u00bbdefault\u00bb background_enable_color=\u00bboff\u00bb border_radii=\u00bbon|50px|50px|50px|50px\u00bb global_colors_info=\u00bb{}\u00bb background__hover_enabled=\u00bbon|hover\u00bb background_color__hover=\u00bb#3f3f3f\u00bb background_enable_color__hover=\u00bbon\u00bb][et_pb_text _builder_version=\u00bb4.27.4&#8243; _module_preset=\u00bbdefault\u00bb text_font=\u00bbMontserrat|600|||||||\u00bb text_text_color=\u00bb#000000&#8243; text_line_height=\u00bb1.2em\u00bb background_enable_color=\u00bboff\u00bb text_orientation=\u00bbcenter\u00bb custom_padding=\u00bb25px|0px|25px|0px|true|true\u00bb link_option_url=\u00bbhttps:\/\/grzasociados.com\/asesoria-fiscal\/\u00bb global_colors_info=\u00bb{}\u00bb text_text_color__hover=\u00bb#FFFFFF\u00bb text_text_color__hover_enabled=\u00bbon|hover\u00bb background_color__hover=\u00bb#3f3f3f\u00bb background_enable_color__hover=\u00bbon\u00bb background__hover_enabled=\u00bbon|hover\u00bb]<\/p>\n<p>Asesor\u00eda Fiscal<br \/>Personalizada<\/p>\n<p>[\/et_pb_text][\/et_pb_column][et_pb_column type=\u00bb1_5&#8243; _builder_version=\u00bb4.27.4&#8243; _module_preset=\u00bbdefault\u00bb background_enable_color=\u00bboff\u00bb border_radii=\u00bbon|50px|50px|50px|50px\u00bb global_colors_info=\u00bb{}\u00bb background_color__hover=\u00bb#3f3f3f\u00bb background__hover_enabled=\u00bbon|hover\u00bb background_enable_color__hover=\u00bbon\u00bb][et_pb_text _builder_version=\u00bb4.27.4&#8243; _module_preset=\u00bbdefault\u00bb text_font=\u00bbMontserrat|600|||||||\u00bb text_text_color=\u00bb#000000&#8243; text_line_height=\u00bb1.2em\u00bb background_enable_color=\u00bboff\u00bb text_orientation=\u00bbcenter\u00bb custom_padding=\u00bb25px|25px|25px|25px|true|true\u00bb link_option_url=\u00bbhttps:\/\/grzasociados.com\/asesoria-comercio\/\u00bb global_colors_info=\u00bb{}\u00bb background_color__hover=\u00bb#3f3f3f\u00bb background_enable_color__hover=\u00bbon\u00bb text_text_color__hover_enabled=\u00bbon|hover\u00bb text_text_color__hover=\u00bb#FFFFFF\u00bb]<\/p>\n<p>Asesor\u00eda en<br \/>Comercio Exterior<\/p>\n<p>[\/et_pb_text][\/et_pb_column][et_pb_column type=\u00bb1_5&#8243; _builder_version=\u00bb4.27.4&#8243; _module_preset=\u00bbdefault\u00bb border_radii=\u00bbon|50px|50px|50px|50px\u00bb global_colors_info=\u00bb{}\u00bb][et_pb_text _builder_version=\u00bb4.27.4&#8243; _module_preset=\u00bbdefault\u00bb text_font=\u00bbMontserrat|600|||||||\u00bb text_text_color=\u00bb#000000&#8243; text_line_height=\u00bb1.2em\u00bb background_enable_color=\u00bboff\u00bb text_orientation=\u00bbcenter\u00bb custom_padding=\u00bb25px|0px|25px|0px|true|true\u00bb link_option_url=\u00bbhttps:\/\/grzasociados.com\/consultoria-estrategica\/\u00bb global_colors_info=\u00bb{}\u00bb text_text_color__hover=\u00bb#FFFFFF\u00bb text_text_color__hover_enabled=\u00bbon|hover\u00bb background_color__hover=\u00bb#3f3f3f\u00bb background_enable_color__hover=\u00bbon\u00bb background__hover_enabled=\u00bbon|hover\u00bb]<\/p>\n<p>Consultor\u00eda Estrategica<br \/>en Transacciones<\/p>\n<p>[\/et_pb_text][\/et_pb_column][et_pb_column type=\u00bb1_5&#8243; _builder_version=\u00bb4.27.4&#8243; _module_preset=\u00bbdefault\u00bb background_enable_color=\u00bboff\u00bb border_radii=\u00bbon|50px|50px|50px|50px\u00bb global_colors_info=\u00bb{}\u00bb][et_pb_text _builder_version=\u00bb4.27.4&#8243; _module_preset=\u00bbdefault\u00bb text_font=\u00bbMontserrat|600|||||||\u00bb text_text_color=\u00bb#000000&#8243; text_line_height=\u00bb1.2em\u00bb background_enable_color=\u00bboff\u00bb text_orientation=\u00bbcenter\u00bb custom_padding=\u00bb25px|25px|25px|25px|true|true\u00bb link_option_url=\u00bbhttps:\/\/grzasociados.com\/grz-princing\/\u00bb global_colors_info=\u00bb{}\u00bb text_text_color__hover=\u00bb#FFFFFF\u00bb text_text_color__hover_enabled=\u00bbon|hover\u00bb background_enable_color__hover=\u00bbon\u00bb background__hover_enabled=\u00bbon|hover\u00bb background_color__hover=\u00bb#3f3f3f\u00bb]<\/p>\n<p>GRZ<br \/>Pricing<\/p>\n<p>[\/et_pb_text][\/et_pb_column][et_pb_column type=\u00bb1_5&#8243; _builder_version=\u00bb4.27.4&#8243; _module_preset=\u00bbdefault\u00bb background_color=\u00bb#3f3f3f\u00bb border_radii=\u00bbon|50px|50px|50px|50px\u00bb global_colors_info=\u00bb{}\u00bb][et_pb_text _builder_version=\u00bb4.27.4&#8243; _module_preset=\u00bbdefault\u00bb text_font=\u00bbMontserrat|600|||||||\u00bb text_text_color=\u00bb#FFFFFF\u00bb text_line_height=\u00bb1.2em\u00bb background_enable_color=\u00bboff\u00bb text_orientation=\u00bbcenter\u00bb custom_padding=\u00bb25px|25px|25px|25px|true|true\u00bb link_option_url=\u00bbhttps:\/\/grzasociados.com\/grz-technology\/\u00bb global_colors_info=\u00bb{}\u00bb text_text_color__hover=\u00bb#FFFFFF\u00bb text_text_color__hover_enabled=\u00bbon|hover\u00bb background_color__hover=\u00bb#3f3f3f\u00bb background_enable_color__hover=\u00bbon\u00bb background__hover_enabled=\u00bbon|hover\u00bb]<\/p>\n<p>GRZ<br \/>Technology<\/p>\n<p>[\/et_pb_text][\/et_pb_column][\/et_pb_row][\/et_pb_section][et_pb_section fb_built=\u00bb1&#8243; _builder_version=\u00bb4.27.4&#8243; _module_preset=\u00bbdefault\u00bb custom_padding=\u00bb||100px||false|false\u00bb da_disable_devices=\u00bboff|off|off\u00bb global_colors_info=\u00bb{}\u00bb da_is_popup=\u00bboff\u00bb da_exit_intent=\u00bboff\u00bb da_has_close=\u00bbon\u00bb da_alt_close=\u00bboff\u00bb da_dark_close=\u00bboff\u00bb da_not_modal=\u00bbon\u00bb da_is_singular=\u00bboff\u00bb da_with_loader=\u00bboff\u00bb da_has_shadow=\u00bbon\u00bb][et_pb_row column_structure=\u00bb1_2,1_2&#8243; _builder_version=\u00bb4.27.4&#8243; _module_preset=\u00bbdefault\u00bb background_image=\u00bbhttps:\/\/grzasociados.com\/wp-content\/uploads\/2025\/05\/Servicios5.png\u00bb width=\u00bb90%\u00bb max_width=\u00bb1100px\u00bb custom_padding=\u00bb80px||80px||true|false\u00bb locked=\u00bboff\u00bb global_colors_info=\u00bb{}\u00bb][et_pb_column type=\u00bb1_2&#8243; _builder_version=\u00bb4.27.4&#8243; _module_preset=\u00bbdefault\u00bb custom_padding=\u00bb|||100px|false|false\u00bb global_colors_info=\u00bb{}\u00bb][et_pb_text _builder_version=\u00bb4.27.4&#8243; _module_preset=\u00bbdefault\u00bb text_font=\u00bbMontserrat|700|||||||\u00bb text_text_color=\u00bb#FFFFFF\u00bb text_font_size=\u00bb30px\u00bb text_line_height=\u00bb1.2em\u00bb global_colors_info=\u00bb{}\u00bb][\/et_pb_text][\/et_pb_column][et_pb_column type=\u00bb1_2&#8243; _builder_version=\u00bb4.27.4&#8243; _module_preset=\u00bbdefault\u00bb global_colors_info=\u00bb{}\u00bb][et_pb_text _builder_version=\u00bb4.27.4&#8243; _module_preset=\u00bbdefault\u00bb text_font=\u00bbMontserrat|700|||||||\u00bb text_text_color=\u00bb#FFFFFF\u00bb text_font_size=\u00bb30px\u00bb text_line_height=\u00bb1.2em\u00bb global_colors_info=\u00bb{}\u00bb]<\/p>\n<p>GRZ Technology<\/p>\n<p>[\/et_pb_text][\/et_pb_column][\/et_pb_row][et_pb_row _builder_version=\u00bb4.27.4&#8243; _module_preset=\u00bbdefault\u00bb background_color=\u00bb#f8f5f5&#8243; background_enable_image=\u00bboff\u00bb width=\u00bb90%\u00bb max_width=\u00bb1100px\u00bb custom_padding=\u00bb80px|80px|80px|80px|true|true\u00bb locked=\u00bboff\u00bb global_colors_info=\u00bb{}\u00bb][et_pb_column type=\u00bb4_4&#8243; _builder_version=\u00bb4.27.4&#8243; _module_preset=\u00bbdefault\u00bb custom_padding=\u00bb|||0px|false|false\u00bb global_colors_info=\u00bb{}\u00bb][et_pb_text _builder_version=\u00bb4.27.4&#8243; _module_preset=\u00bbdefault\u00bb text_font=\u00bbMontserrat||||||||\u00bb text_text_color=\u00bb#000000&#8243; text_font_size=\u00bb16px\u00bb text_line_height=\u00bb1.5em\u00bb header_font=\u00bbMontserrat|700|||||||\u00bb header_text_color=\u00bb#000000&#8243; header_font_size=\u00bb25px\u00bb custom_margin=\u00bb0px|0px|0px|0px|true|true\u00bb custom_padding=\u00bb0px|0px|0px|0px|true|true\u00bb global_colors_info=\u00bb{}\u00bb]<\/p>\n<h1>Plataformas Tecnol\u00f3gicas de Contenido Tributario: GRZ Technology<\/h1>\n<p>[\/et_pb_text][et_pb_image src=\u00bbhttps:\/\/grzasociados.com\/wp-content\/uploads\/2025\/04\/Rectangle-142.png\u00bb title_text=\u00bbRectangle 142&#8243; _builder_version=\u00bb4.27.4&#8243; _module_preset=\u00bbdefault\u00bb global_colors_info=\u00bb{}\u00bb][\/et_pb_image][et_pb_text _builder_version=\u00bb4.27.4&#8243; _module_preset=\u00bbdefault\u00bb text_font=\u00bbMontserrat||||||||\u00bb text_text_color=\u00bb#000000&#8243; text_font_size=\u00bb15px\u00bb text_line_height=\u00bb1.5em\u00bb header_font=\u00bbMontserrat|700|||||||\u00bb header_text_color=\u00bb#000000&#8243; header_font_size=\u00bb25px\u00bb text_orientation=\u00bbjustified\u00bb custom_padding=\u00bb0px||0px||true|false\u00bb global_colors_info=\u00bb{}\u00bb]<\/p>\n<p>En un mundo cambiante y en constante desarrollo tecnol\u00f3gico, GRZ Technology es la respuesta de nuestra Firma a la necesidad de utilizar plataformas tecnol\u00f3gicas para la determinaci\u00f3n y control de las obligaciones tributarias de nuestros clientes, dot\u00e1ndolos de herramientas innovadoras y eficaces que les permitan exactitud y ahorro de costos en la administraci\u00f3n de sus asuntos de orden tributario.<\/p>\n<p>Para ello, en alianza con empresas de tecnolog\u00eda peruanas y extranjeras, trabajamos con los equipos de nuestros clientes en el dise\u00f1o, construcci\u00f3n e implementaci\u00f3n de plataformas tecnol\u00f3gicas de contenido tributario que generen un salto cualitativo en el manejo de sus tributos as\u00ed como una mejora significativa en la atenci\u00f3n de procesos de fiscalizaci\u00f3n llevados a cabo por la autoridad tributaria.<\/p>\n<p>[\/et_pb_text][\/et_pb_column][\/et_pb_row][\/et_pb_section][et_pb_section fb_built=\u00bb1&#8243; custom_padding_last_edited=\u00bbon|phone\u00bb _builder_version=\u00bb4.27.4&#8243; _module_preset=\u00bbdefault\u00bb background_color=\u00bb#d9d9d9&#8243; custom_padding_tablet=\u00bb\u00bb custom_padding_phone=\u00bb||30px||false|false\u00bb da_disable_devices=\u00bboff|off|off\u00bb locked=\u00bboff\u00bb global_colors_info=\u00bb{}\u00bb da_is_popup=\u00bboff\u00bb da_exit_intent=\u00bboff\u00bb da_has_close=\u00bbon\u00bb da_alt_close=\u00bboff\u00bb da_dark_close=\u00bboff\u00bb da_not_modal=\u00bbon\u00bb da_is_singular=\u00bboff\u00bb da_with_loader=\u00bboff\u00bb da_has_shadow=\u00bbon\u00bb][et_pb_row column_structure=\u00bb3_5,2_5&#8243; use_custom_gutter=\u00bbon\u00bb gutter_width=\u00bb1&#8243; make_equal=\u00bbon\u00bb custom_padding_last_edited=\u00bbon|phone\u00bb _builder_version=\u00bb4.27.4&#8243; _module_preset=\u00bbdefault\u00bb max_width=\u00bb1250px\u00bb module_alignment=\u00bbcenter\u00bb custom_padding=\u00bb50px||50px||true|false\u00bb custom_padding_tablet=\u00bb\u00bb custom_padding_phone=\u00bb|18px||18px|false|true\u00bb locked=\u00bboff\u00bb global_colors_info=\u00bb{}\u00bb][et_pb_column type=\u00bb3_5&#8243; _builder_version=\u00bb4.27.4&#8243; _module_preset=\u00bbdefault\u00bb global_colors_info=\u00bb{}\u00bb][et_pb_text _builder_version=\u00bb4.27.4&#8243; _module_preset=\u00bbdefault\u00bb text_font=\u00bbMontserrat||||||||\u00bb text_text_color=\u00bb#374957&#8243; text_font_size=\u00bb13px\u00bb header_2_font=\u00bbMontserrat|700|||||||\u00bb header_2_text_color=\u00bb#374957&#8243; text_font_size_tablet=\u00bb13px\u00bb text_font_size_phone=\u00bb12px\u00bb text_font_size_last_edited=\u00bbon|phone\u00bb text_line_height_tablet=\u00bb\u00bb text_line_height_phone=\u00bb1.3em\u00bb text_line_height_last_edited=\u00bbon|phone\u00bb header_2_text_align_tablet=\u00bb\u00bb header_2_text_align_phone=\u00bbcenter\u00bb header_2_text_align_last_edited=\u00bbon|phone\u00bb header_2_font_size_tablet=\u00bb\u00bb header_2_font_size_phone=\u00bb22px\u00bb header_2_font_size_last_edited=\u00bbon|phone\u00bb text_orientation_tablet=\u00bb\u00bb text_orientation_phone=\u00bbjustified\u00bb text_orientation_last_edited=\u00bbon|phone\u00bb global_colors_info=\u00bb{}\u00bb]<\/p>\n<h2>Suscr\u00edbete a nuestro bolet\u00edn<\/h2>\n<p>\u00danete a nuestra comunidad legal: recibe actualizaciones exclusivas y detalladas sobre las \u00faltimas tendencias en normativa, pronunciamientos institucionales y jurisprudencia.<\/p>\n<p>[\/et_pb_text][\/et_pb_column][et_pb_column type=\u00bb2_5&#8243; _builder_version=\u00bb4.27.4&#8243; _module_preset=\u00bbdefault\u00bb global_colors_info=\u00bb{}\u00bb][et_pb_contact_form captcha=\u00bboff\u00bb email=\u00bbjcruz@grzasociados.com\u00bb custom_message=\u00bbDeseo suscribirme al bolet\u00edn.  ||et_pb_line_break_holder||Email: %%Email%%\u00bb success_message=\u00bbRegistro enviado\u00bb submit_button_text=\u00bbEnviar\u00bb _builder_version=\u00bb4.27.4&#8243; _module_preset=\u00bbdefault\u00bb _unique_id=\u00bba92296c2-84d1-42f3-9f58-17f070a343b8&#8243; title_font=\u00bbMontserrat||||||||\u00bb form_field_font=\u00bbMontserrat||||||||\u00bb custom_button=\u00bbon\u00bb button_text_size=\u00bb14px\u00bb button_text_color=\u00bb#FFFFFF\u00bb button_bg_color=\u00bb#26292c\u00bb button_border_width=\u00bb4px\u00bb button_border_color=\u00bb#26292c\u00bb button_border_radius=\u00bb16px\u00bb button_letter_spacing=\u00bb0px\u00bb button_font=\u00bbMontserrat|300|||||||\u00bb button_use_icon=\u00bboff\u00bb button_custom_margin=\u00bb5px||||false|false\u00bb button_custom_padding_tablet=\u00bb\u00bb button_custom_padding_phone=\u00bb||||false|false\u00bb button_custom_padding_last_edited=\u00bbon|phone\u00bb transform_scale_tablet=\u00bb\u00bb transform_scale_phone=\u00bb\u00bb transform_scale_last_edited=\u00bbon|phone\u00bb transform_translate=\u00bb0px|20px\u00bb transform_translate_tablet=\u00bb0px|20px\u00bb transform_translate_phone=\u00bb-119px|46px\u00bb transform_translate_last_edited=\u00bbon|phone\u00bb transform_translate_linked=\u00bboff\u00bb transform_rotate_tablet=\u00bb\u00bb transform_rotate_phone=\u00bb\u00bb transform_rotate_last_edited=\u00bbon|phone\u00bb transform_skew_tablet=\u00bb\u00bb transform_skew_phone=\u00bb\u00bb transform_skew_last_edited=\u00bbon|phone\u00bb transform_origin_tablet=\u00bb\u00bb transform_origin_phone=\u00bb\u00bb transform_origin_last_edited=\u00bbon|phone\u00bb transform_styles_last_edited=\u00bbon|phone\u00bb text_orientation=\u00bbleft\u00bb custom_margin_tablet=\u00bb\u00bb custom_margin_phone=\u00bb||||false|false\u00bb custom_margin_last_edited=\u00bbon|phone\u00bb custom_padding_tablet=\u00bb\u00bb custom_padding_phone=\u00bb|0px||0px|true|true\u00bb custom_padding_last_edited=\u00bbon|phone\u00bb button_text_size_tablet=\u00bb14px\u00bb button_text_size_phone=\u00bb12px\u00bb button_text_size_last_edited=\u00bbon|phone\u00bb transform_styles_tablet=\u00bb\u00bb transform_styles_phone=\u00bb\u00bb custom_css_free_form=\u00bbselector .et_pb_contact_field.et_pb_contact_field_half {||  width: 60%;||}||||selector input%91type=%22email%22%93 {||  width: 100% !important;||  max-width: 100%;||}||||@media screen and (max-width: 480px) {||  .et_pb_contact_form {||    display: flex !important;||    flex-direction: column !important;||    align-items: center !important;||  }||||  .et_pb_contact_field_half {||    width: 100% !important;||    display: flex;||    justify-content: center;||    margin-bottom: 10px;||  }||||  .et_pb_contact_field_half input%91type=%22email%22%93 {||    width: 90% !important;||    max-width: 300px;||    text-align: left;||  }||||  .et_pb_contact_submit.et_pb_button {||    display: inline-block;||    text-align: center;||    margin: 0 auto !important;||  }||}||\u00bb global_colors_info=\u00bb{}\u00bb][et_pb_contact_field field_id=\u00bbEmail\u00bb field_title=\u00bbEmail\u00bb field_type=\u00bbemail\u00bb _builder_version=\u00bb4.27.4&#8243; form_field_background_color=\u00bb#FFFFFF\u00bb background_enable_color=\u00bboff\u00bb transform_translate=\u00bb104px|-8px\u00bb global_colors_info=\u00bb{}\u00bb button_text_size__hover_enabled=\u00bboff\u00bb button_one_text_size__hover_enabled=\u00bboff\u00bb button_two_text_size__hover_enabled=\u00bboff\u00bb button_text_color__hover_enabled=\u00bboff\u00bb button_one_text_color__hover_enabled=\u00bboff\u00bb button_two_text_color__hover_enabled=\u00bboff\u00bb button_border_width__hover_enabled=\u00bboff\u00bb button_one_border_width__hover_enabled=\u00bboff\u00bb button_two_border_width__hover_enabled=\u00bboff\u00bb button_border_color__hover_enabled=\u00bboff\u00bb button_one_border_color__hover_enabled=\u00bboff\u00bb button_two_border_color__hover_enabled=\u00bboff\u00bb button_border_radius__hover_enabled=\u00bboff\u00bb button_one_border_radius__hover_enabled=\u00bboff\u00bb button_two_border_radius__hover_enabled=\u00bboff\u00bb button_letter_spacing__hover_enabled=\u00bboff\u00bb button_one_letter_spacing__hover_enabled=\u00bboff\u00bb button_two_letter_spacing__hover_enabled=\u00bboff\u00bb button_bg_color__hover_enabled=\u00bboff\u00bb button_one_bg_color__hover_enabled=\u00bboff\u00bb button_two_bg_color__hover_enabled=\u00bboff\u00bb][\/et_pb_contact_field][\/et_pb_contact_form][\/et_pb_column][\/et_pb_row][\/et_pb_section]<\/p>\n","protected":false},"excerpt":{"rendered":"<p>Asesor\u00eda FiscalPersonalizadaAsesor\u00eda enComercio ExteriorConsultor\u00eda Estrategicaen TransaccionesGRZPricingGRZTechnologyGRZ TechnologyPlataformas Tecnol\u00f3gicas de Contenido Tributario: GRZ TechnologyEn un mundo cambiante y en constante desarrollo tecnol\u00f3gico, GRZ Technology es la respuesta de nuestra Firma a [&hellip;]<\/p>\n","protected":false},"author":1,"featured_media":0,"parent":0,"menu_order":0,"comment_status":"closed","ping_status":"closed","template":"","meta":{"_et_pb_use_builder":"on","_et_pb_old_content":"<!-- wp:divi\/placeholder \/-->","_et_gb_content_width":"","footnotes":""},"class_list":["post-37","page","type-page","status-publish","hentry"],"yoast_head":"<!-- This site is optimized with the Yoast SEO plugin v26.7 - https:\/\/yoast.com\/wordpress\/plugins\/seo\/ -->\n<title>Tecnol\u00f3gicas de Contenido Tributario | GRZ Technoly<\/title>\n<meta name=\"description\" content=\"Plataformas tecnol\u00f3gicas tributarias para controlar obligaciones y reducir costos en la gesti\u00f3n de impuestos.\" \/>\n<meta name=\"robots\" content=\"index, follow, max-snippet:-1, max-image-preview:large, max-video-preview:-1\" \/>\n<link rel=\"canonical\" href=\"https:\/\/grzasociados.com\/en\/grz-technology\/\" \/>\n<meta property=\"og:locale\" content=\"en_US\" \/>\n<meta property=\"og:type\" content=\"article\" \/>\n<meta property=\"og:title\" content=\"Tecnol\u00f3gicas de Contenido Tributario | GRZ Technoly\" \/>\n<meta property=\"og:description\" content=\"Plataformas tecnol\u00f3gicas tributarias para controlar obligaciones y reducir costos en la gesti\u00f3n de impuestos.\" \/>\n<meta property=\"og:url\" content=\"https:\/\/grzasociados.com\/en\/grz-technology\/\" \/>\n<meta property=\"og:site_name\" content=\"Estudio G\u00e1lvez Risso Zegarra &amp; Asociados\" \/>\n<meta property=\"article:modified_time\" content=\"2025-11-26T22:28:12+00:00\" \/>\n<meta name=\"twitter:card\" content=\"summary_large_image\" \/>\n<meta name=\"twitter:label1\" content=\"Est. reading time\" \/>\n\t<meta name=\"twitter:data1\" content=\"1 minute\" \/>\n<script type=\"application\/ld+json\" class=\"yoast-schema-graph\">{\"@context\":\"https:\/\/schema.org\",\"@graph\":[{\"@type\":\"WebPage\",\"@id\":\"https:\/\/grzasociados.com\/grz-technology\/\",\"url\":\"https:\/\/grzasociados.com\/grz-technology\/\",\"name\":\"Tecnol\u00f3gicas de Contenido Tributario | GRZ Technoly\",\"isPartOf\":{\"@id\":\"https:\/\/grzasociados.com\/#website\"},\"datePublished\":\"2025-04-22T17:43:28+00:00\",\"dateModified\":\"2025-11-26T22:28:12+00:00\",\"description\":\"Plataformas tecnol\u00f3gicas tributarias para controlar obligaciones y reducir costos en la gesti\u00f3n de impuestos.\",\"breadcrumb\":{\"@id\":\"https:\/\/grzasociados.com\/grz-technology\/#breadcrumb\"},\"inLanguage\":\"en-US\",\"potentialAction\":[{\"@type\":\"ReadAction\",\"target\":[\"https:\/\/grzasociados.com\/grz-technology\/\"]}]},{\"@type\":\"BreadcrumbList\",\"@id\":\"https:\/\/grzasociados.com\/grz-technology\/#breadcrumb\",\"itemListElement\":[{\"@type\":\"ListItem\",\"position\":1,\"name\":\"Portada\",\"item\":\"https:\/\/grzasociados.com\/\"},{\"@type\":\"ListItem\",\"position\":2,\"name\":\"GRZ Technology\"}]},{\"@type\":\"WebSite\",\"@id\":\"https:\/\/grzasociados.com\/#website\",\"url\":\"https:\/\/grzasociados.com\/\",\"name\":\"Estudio G\u00e1lvez Risso Zegarra & Asociados\",\"description\":\"\",\"publisher\":{\"@id\":\"https:\/\/grzasociados.com\/#organization\"},\"potentialAction\":[{\"@type\":\"SearchAction\",\"target\":{\"@type\":\"EntryPoint\",\"urlTemplate\":\"https:\/\/grzasociados.com\/?s={search_term_string}\"},\"query-input\":{\"@type\":\"PropertyValueSpecification\",\"valueRequired\":true,\"valueName\":\"search_term_string\"}}],\"inLanguage\":\"en-US\"},{\"@type\":\"Organization\",\"@id\":\"https:\/\/grzasociados.com\/#organization\",\"name\":\"Estudio G\u00e1lvez Risso Zegarra & Asociados\",\"url\":\"https:\/\/grzasociados.com\/\",\"logo\":{\"@type\":\"ImageObject\",\"inLanguage\":\"en-US\",\"@id\":\"https:\/\/grzasociados.com\/#\/schema\/logo\/image\/\",\"url\":\"https:\/\/grzasociados.com\/wp-content\/uploads\/2025\/04\/grz.png\",\"contentUrl\":\"https:\/\/grzasociados.com\/wp-content\/uploads\/2025\/04\/grz.png\",\"width\":386,\"height\":91,\"caption\":\"Estudio G\u00e1lvez Risso Zegarra & Asociados\"},\"image\":{\"@id\":\"https:\/\/grzasociados.com\/#\/schema\/logo\/image\/\"}}]}<\/script>\n<!-- \/ Yoast SEO plugin. -->","yoast_head_json":{"title":"Tecnol\u00f3gicas de Contenido Tributario | GRZ Technoly","description":"Plataformas tecnol\u00f3gicas tributarias para controlar obligaciones y reducir costos en la gesti\u00f3n de impuestos.","robots":{"index":"index","follow":"follow","max-snippet":"max-snippet:-1","max-image-preview":"max-image-preview:large","max-video-preview":"max-video-preview:-1"},"canonical":"https:\/\/grzasociados.com\/en\/grz-technology\/","og_locale":"en_US","og_type":"article","og_title":"Tecnol\u00f3gicas de Contenido Tributario | GRZ Technoly","og_description":"Plataformas tecnol\u00f3gicas tributarias para controlar obligaciones y reducir costos en la gesti\u00f3n de impuestos.","og_url":"https:\/\/grzasociados.com\/en\/grz-technology\/","og_site_name":"Estudio G\u00e1lvez Risso Zegarra &amp; Asociados","article_modified_time":"2025-11-26T22:28:12+00:00","twitter_card":"summary_large_image","twitter_misc":{"Est. reading time":"1 minute"},"schema":{"@context":"https:\/\/schema.org","@graph":[{"@type":"WebPage","@id":"https:\/\/grzasociados.com\/grz-technology\/","url":"https:\/\/grzasociados.com\/grz-technology\/","name":"Tecnol\u00f3gicas de Contenido Tributario | GRZ Technoly","isPartOf":{"@id":"https:\/\/grzasociados.com\/#website"},"datePublished":"2025-04-22T17:43:28+00:00","dateModified":"2025-11-26T22:28:12+00:00","description":"Plataformas tecnol\u00f3gicas tributarias para controlar obligaciones y reducir costos en la gesti\u00f3n de impuestos.","breadcrumb":{"@id":"https:\/\/grzasociados.com\/grz-technology\/#breadcrumb"},"inLanguage":"en-US","potentialAction":[{"@type":"ReadAction","target":["https:\/\/grzasociados.com\/grz-technology\/"]}]},{"@type":"BreadcrumbList","@id":"https:\/\/grzasociados.com\/grz-technology\/#breadcrumb","itemListElement":[{"@type":"ListItem","position":1,"name":"Portada","item":"https:\/\/grzasociados.com\/"},{"@type":"ListItem","position":2,"name":"GRZ Technology"}]},{"@type":"WebSite","@id":"https:\/\/grzasociados.com\/#website","url":"https:\/\/grzasociados.com\/","name":"Estudio G\u00e1lvez Risso Zegarra & Asociados","description":"","publisher":{"@id":"https:\/\/grzasociados.com\/#organization"},"potentialAction":[{"@type":"SearchAction","target":{"@type":"EntryPoint","urlTemplate":"https:\/\/grzasociados.com\/?s={search_term_string}"},"query-input":{"@type":"PropertyValueSpecification","valueRequired":true,"valueName":"search_term_string"}}],"inLanguage":"en-US"},{"@type":"Organization","@id":"https:\/\/grzasociados.com\/#organization","name":"Estudio G\u00e1lvez Risso Zegarra & Asociados","url":"https:\/\/grzasociados.com\/","logo":{"@type":"ImageObject","inLanguage":"en-US","@id":"https:\/\/grzasociados.com\/#\/schema\/logo\/image\/","url":"https:\/\/grzasociados.com\/wp-content\/uploads\/2025\/04\/grz.png","contentUrl":"https:\/\/grzasociados.com\/wp-content\/uploads\/2025\/04\/grz.png","width":386,"height":91,"caption":"Estudio G\u00e1lvez Risso Zegarra & Asociados"},"image":{"@id":"https:\/\/grzasociados.com\/#\/schema\/logo\/image\/"}}]}},"rttpg_featured_image_url":null,"rttpg_author":{"display_name":"jcruz@grzasociados.com","author_link":"https:\/\/grzasociados.com\/en\/author\/jcruzgrzasociados-com\/"},"rttpg_comment":0,"rttpg_category":null,"rttpg_excerpt":"Asesor\u00eda FiscalPersonalizadaAsesor\u00eda enComercio ExteriorConsultor\u00eda Estrategicaen TransaccionesGRZPricingGRZTechnologyGRZ TechnologyPlataformas Tecnol\u00f3gicas de Contenido Tributario: GRZ TechnologyEn un mundo cambiante y en constante desarrollo tecnol\u00f3gico, GRZ Technology es la respuesta de nuestra Firma a [&hellip;]","_links":{"self":[{"href":"https:\/\/grzasociados.com\/en\/wp-json\/wp\/v2\/pages\/37","targetHints":{"allow":["GET"]}}],"collection":[{"href":"https:\/\/grzasociados.com\/en\/wp-json\/wp\/v2\/pages"}],"about":[{"href":"https:\/\/grzasociados.com\/en\/wp-json\/wp\/v2\/types\/page"}],"author":[{"embeddable":true,"href":"https:\/\/grzasociados.com\/en\/wp-json\/wp\/v2\/users\/1"}],"replies":[{"embeddable":true,"href":"https:\/\/grzasociados.com\/en\/wp-json\/wp\/v2\/comments?post=37"}],"version-history":[{"count":10,"href":"https:\/\/grzasociados.com\/en\/wp-json\/wp\/v2\/pages\/37\/revisions"}],"predecessor-version":[{"id":1643,"href":"https:\/\/grzasociados.com\/en\/wp-json\/wp\/v2\/pages\/37\/revisions\/1643"}],"wp:attachment":[{"href":"https:\/\/grzasociados.com\/en\/wp-json\/wp\/v2\/media?parent=37"}],"curies":[{"name":"wp","href":"https:\/\/api.w.org\/{rel}","templated":true}]}}